{"id":21,"date":"2025-08-25T22:50:14","date_gmt":"2025-08-25T22:50:14","guid":{"rendered":"https:\/\/budva3.me\/?page_id=21"},"modified":"2026-04-02T10:33:41","modified_gmt":"2026-04-02T09:33:41","slug":"partneri","status":"publish","type":"page","link":"https:\/\/budva3.me\/en\/partneri\/","title":{"rendered":"Partners"},"content":{"rendered":"<div class=\"brz brz-root__container brz-reset-all brz-root__container-page\">\n<section id=\"tSY4R5862d1p_tSY4R5862d1p\" class=\"brz-section brz-css-10nge95 brz-css-1u53kch\">\n<div class=\"brz-section__content brz-section--fullWidth brz-css-m4yvix brz-css-ix64zz\" data-brz-custom-id=\"bQcunDksuGAX\">\n<div class=\"brz-bg\">\n<div class=\"brz-bg-color\"><\/div>\n<\/div>\n<div class=\"brz-container brz-css-1o61ejf brz-css-1f5kvwc\">\n<div id=\"\" class=\"brz-css-jldw1c brz-css-z708as brz-css-whqsxd brz-wrapper\">\n<div class=\"brz-spacer brz-css-1bcpt12 brz-css-1qna5q4\"><\/div>\n<\/div>\n<\/div>\n<\/div>\n<\/section>\n<section id=\"tK66XB5BimK1_tK66XB5BimK1\" class=\"brz-section brz-css-77ly5w brz-css-1rng61q\">\n<div class=\"brz-section__content brz-section--fullWidth brz-css-1bp25nx brz-css-g7tlzz\" data-brz-custom-id=\"bQKDl9YQhc5H\">\n<div class=\"brz-container brz-css-1vmn1ps brz-css-12f6an7\">\n<div class=\"brz-row__container brz-css-3845ze brz-css-yes2p5\" data-brz-custom-id=\"ujZnFx8va86y\">\n<div class=\"brz-row brz-css-hva99k brz-css-1rive4j\">\n<div class=\"brz-columns brz-css-7ougl2 brz-css-6tf6l4\" data-brz-custom-id=\"dF84fNgTfIAt\">\n<div class=\"brz-column__items brz-css-r4b6n4 brz-css-48d9xn\">\n<div id=\"\" class=\"brz-css-jlaw8 brz-css-b030xh brz-wrapper\">\n<div class=\"brz-rich-text brz-rich-text__custom brz-css-9rxufw brz-css-1dire8t\" data-brz-custom-id=\"euHazOkEoJrF\">\n<div data-brz-translate-text=\"1\">\n<p class=\"brz-text-lg-center brz-tp-lg-empty brz-ff-poppins brz-ft-google brz-fs-lg-18 brz-fss-lg-px brz-fw-lg-700 brz-ls-lg-0 brz-lh-lg-1_9 brz-vfw-lg-400 brz-fwdth-lg-100 brz-fsft-lg-0 brz-css-jJ8aq\" data-uniq-id=\"obymO\" data-generated-css=\"brz-css-hwyh0\"><span class=\"brz-cp-color3\">BUDVA3.ME<\/span><\/p>\n<\/div>\n<\/div>\n<\/div>\n<div id=\"\" class=\"brz-css-jlaw8 brz-css-1xjgmkt brz-css-1x2ncf5 brz-wrapper\">\n<div class=\"brz-spacer brz-css-1li5dsi brz-css-hamwf9\"><\/div>\n<\/div>\n<div id=\"\" class=\"brz-css-jlaw8 brz-css-teurv6 brz-wrapper\">\n<div class=\"brz-rich-text brz-rich-text__custom brz-css-9rxufw brz-css-1ue1bcu\" data-brz-custom-id=\"iRISsD5Tsmr0\">\n<div data-brz-translate-text=\"1\">\n<p class=\"brz-text-lg-center brz-tp-lg-empty brz-ff-oswald brz-ft-google brz-fs-lg-48 brz-fss-lg-px brz-fw-lg-700 brz-ls-lg-0 brz-lh-lg-1_9 brz-vfw-lg-400 brz-fwdth-lg-100 brz-fsft-lg-0 brz-css-w9JuV\" data-generated-css=\"brz-css-qc3D0\" data-uniq-id=\"zPfjt\"><span class=\"brz-cp-color2 brz-capitalize-on brz-uppercase-true\">our sponsors<\/span><\/p>\n<\/div>\n<\/div>\n<\/div>\n<\/div>\n<\/div>\n<\/div>\n<\/div>\n<\/div>\n<\/div>\n<\/section>\n<section id=\"xb2ztRSk4ch9_xb2ztRSk4ch9\" class=\"brz-section brz-css-153nrmm brz-css-1bgz55t\">\n<div class=\"brz-section__content brz-section--fullWidth brz-css-aegdxr brz-css-q2t2s9\" data-brz-custom-id=\"baBChVMv0ZA3\">\n<div class=\"brz-bg\">\n<div class=\"brz-bg-color\"><\/div>\n<\/div>\n<div class=\"brz-container brz-css-1ymuhb7 brz-css-141pgfv\">\n<div id=\"\" class=\"brz-css-fc9s33 brz-css-1q2l9k5 brz-wrapper\">\n<div class=\"brz-carousel brz-css-l8nd0p brz-css-x1hui3\" data-brz-custom-id=\"dut36C3aI586\">\n<div class=\"brz-carousel__slider\" data-slides-to-show=\"6\" data-slides-to-scroll=\"1\" data-arrows=\"true\" data-dots=\"true\" data-dots-class=\"brz-slick-slider__dots brz-slick-slider__dots--circle\" data-auto-play=\"true\" data-auto-play-speed=\"0\" data-swipe=\"true\" data-fade=\"false\" data-transition-speed=\"20\" data-responsive=\"%5B%7B%22breakpoint%22%3A991%2C%22settings%22%3A%7B%22slidesToShow%22%3A2%2C%22slidesToScroll%22%3A1%7D%7D%2C%7B%22breakpoint%22%3A767%2C%22settings%22%3A%7B%22slidesToShow%22%3A1%2C%22slidesToScroll%22%3A1%7D%7D%5D\">\n<div class=\"brz-carousel__item\">\n<div class=\"brz-columns brz-css-fzgez1 brz-css-1f3k2b4 brz-css-15ewcpc\" data-brz-custom-id=\"s6Tr7c0mF8Ms\">\n<div class=\"brz-column__items brz-css-kys84x brz-css-1a0sv84\">\n<div id=\"\" class=\"brz-css-fc9s33 brz-css-1gflh5k brz-css-18qcx2x brz-wrapper\">\n<div class=\"brz-spacer brz-css-1hswiog brz-css-11cg9um\"><\/div>\n<\/div>\n<div id=\"\" class=\"brz-css-fc9s33 brz-css-q0tezs brz-wrapper\">\n<div class=\"brz-hover-animation__container brz-css-1p5ae7w brz-css-602vp5\" data-brz-hover-animationid=\"fJuodbM8JS3H\" data-brz-hover-options=\"%7B%22fill%22:%22forwards%22,%22easing%22:%22ease%22,%22duration%22:600,%22iterations%22:1%7D\" data-brz-hover-reversible=\"true\" data-brz-hover-target=\"%22firstChild%22\" data-brz-hover-animation=\"%5B%7B%22WebkitTransform%22:%22translateY(-0px)%22,%22transform%22:%22translateY(-0px)%22,%22offset%22:0%7D,%7B%22WebkitTransform%22:%22translateY(-8px)%22,%22transform%22:%22translateY(-8px)%22,%22offset%22:1%7D%5D\" data-brz-custom-id=\"xirRCjX1I3SW\">\n<div class=\"brz-image brz-image--hovered brz-css-1w7bnn1 brz-css-1mmbpca\"><img decoding=\"async\" class=\"brz-img\" src=\"https:\/\/budva3.me\/wp-content\/uploads\/brizy\/imgs\/TOB_logo__1_-removebg-preview-174x124x0x0x174x124x1761781363.png\" loading=\"lazy\" alt=\"\" title=\"TOB_logo__1_-removebg-preview\"><\/div>\n<\/div>\n<\/div>\n<\/div>\n<\/div>\n<\/div>\n<div class=\"brz-carousel__item\">\n<div class=\"brz-columns brz-css-fzgez1 brz-css-1f3k2b4 brz-css-1nx99o4\" data-brz-custom-id=\"mNUcZf11E0lZ\">\n<div class=\"brz-column__items brz-css-kys84x brz-css-zrbo4h\">\n<div id=\"\" class=\"brz-css-fc9s33 brz-css-1gflh5k brz-css-17n4a7p brz-wrapper\">\n<div class=\"brz-spacer brz-css-1hswiog brz-css-zay2rl\"><\/div>\n<\/div>\n<div id=\"\" class=\"brz-css-fc9s33 brz-css-1gflh5k brz-css-1efu474 brz-wrapper\">\n<div class=\"brz-spacer brz-css-1hswiog brz-css-zyjdxm\"><\/div>\n<\/div>\n<div id=\"\" class=\"brz-css-fc9s33 brz-css-1gflh5k brz-css-1km5dbd brz-wrapper\">\n<div class=\"brz-spacer brz-css-1hswiog brz-css-1mbbfdn\"><\/div>\n<\/div>\n<div id=\"\" class=\"brz-css-fc9s33 brz-css-lu6709 brz-wrapper\">\n<div class=\"brz-hover-animation__container brz-css-vk78ou brz-css-126z231\" data-brz-hover-animationid=\"gXtpQPBwS26n\" data-brz-hover-options=\"%7B%22fill%22:%22forwards%22,%22easing%22:%22ease%22,%22duration%22:600,%22iterations%22:1%7D\" data-brz-hover-reversible=\"true\" data-brz-hover-target=\"%22firstChild%22\" data-brz-hover-animation=\"%5B%7B%22WebkitTransform%22:%22translateY(-0px)%22,%22transform%22:%22translateY(-0px)%22,%22offset%22:0%7D,%7B%22WebkitTransform%22:%22translateY(-8px)%22,%22transform%22:%22translateY(-8px)%22,%22offset%22:1%7D%5D\" data-brz-custom-id=\"klJe5DsHgnmi\">\n<div class=\"brz-image brz-image--hovered brz-css-1ai8ddr brz-css-1utej99\"><img decoding=\"async\" class=\"brz-img\" src=\"https:\/\/budva3.me\/wp-content\/uploads\/brizy\/imgs\/mega-removebg-preview-145x83x0x0x145x83x1756420973.png\" loading=\"lazy\" alt=\"\" title=\"mega-removebg-preview\"><\/div>\n<\/div>\n<\/div>\n<\/div>\n<\/div>\n<\/div>\n<div class=\"brz-carousel__item\">\n<div class=\"brz-columns brz-css-fzgez1 brz-css-1f3k2b4 brz-css-1izq2yz\" data-brz-custom-id=\"qehCVV5ReXjW\">\n<div class=\"brz-column__items brz-css-kys84x brz-css-irrf9\">\n<div id=\"\" class=\"brz-css-fc9s33 brz-css-1gflh5k brz-css-5dgdkd brz-wrapper\">\n<div class=\"brz-spacer brz-css-1hswiog brz-css-i0ge6a\"><\/div>\n<\/div>\n<div id=\"\" class=\"brz-css-fc9s33 brz-css-1gflh5k brz-css-hjmhuk brz-wrapper\">\n<div class=\"brz-spacer brz-css-1hswiog brz-css-1c2rhht\"><\/div>\n<\/div>\n<div id=\"\" class=\"brz-css-fc9s33 brz-css-d6wg48 brz-wrapper\">\n<div class=\"brz-hover-animation__container brz-css-192ap1f brz-css-1tsz1c3\" data-brz-hover-animationid=\"lqDIybwPdAvd\" data-brz-hover-options=\"%7B%22fill%22:%22forwards%22,%22easing%22:%22ease%22,%22duration%22:600,%22iterations%22:1%7D\" data-brz-hover-reversible=\"true\" data-brz-hover-target=\"%22firstChild%22\" data-brz-hover-animation=\"%5B%7B%22WebkitTransform%22:%22translateY(-0px)%22,%22transform%22:%22translateY(-0px)%22,%22offset%22:0%7D,%7B%22WebkitTransform%22:%22translateY(-8px)%22,%22transform%22:%22translateY(-8px)%22,%22offset%22:1%7D%5D\" data-brz-custom-id=\"pfMnagrjwsHi\">\n<div class=\"brz-image brz-image--hovered brz-css-1eechni brz-css-7j1tlz\"><img decoding=\"async\" class=\"brz-img\" src=\"https:\/\/budva3.me\/wp-content\/uploads\/brizy\/imgs\/Screenshot_2025-10-30_004330-removebg-preview-191x93x9x0x174x93x1761781450.png\" loading=\"lazy\" alt=\"\" title=\"Screenshot_2025-10-30_004330-removebg-preview\"><\/div>\n<\/div>\n<\/div>\n<\/div>\n<\/div>\n<\/div>\n<div class=\"brz-carousel__item\">\n<div class=\"brz-columns brz-css-fzgez1 brz-css-1f3k2b4 brz-css-1uxu8po\" data-brz-custom-id=\"lFbWGxCC81X3\">\n<div class=\"brz-column__items brz-css-kys84x brz-css-1666uma\">\n<div id=\"\" class=\"brz-css-fc9s33 brz-css-1gflh5k brz-css-iseyci brz-wrapper\">\n<div class=\"brz-spacer brz-css-1hswiog brz-css-8vw62d\"><\/div>\n<\/div>\n<div id=\"\" class=\"brz-css-fc9s33 brz-css-1gflh5k brz-css-1j9oybd brz-wrapper\">\n<div class=\"brz-spacer brz-css-1hswiog brz-css-18hidbl\"><\/div>\n<\/div>\n<div id=\"\" class=\"brz-css-fc9s33 brz-css-1e7xgv5 brz-wrapper\">\n<div class=\"brz-hover-animation__container brz-css-51mz2p brz-css-jy0k3l\" data-brz-hover-animationid=\"eaz5SVjastjs\" data-brz-hover-options=\"%7B%22fill%22:%22forwards%22,%22easing%22:%22ease%22,%22duration%22:600,%22iterations%22:1%7D\" data-brz-hover-reversible=\"true\" data-brz-hover-target=\"%22firstChild%22\" data-brz-hover-animation=\"%5B%7B%22WebkitTransform%22:%22translateY(-0px)%22,%22transform%22:%22translateY(-0px)%22,%22offset%22:0%7D,%7B%22WebkitTransform%22:%22translateY(-8px)%22,%22transform%22:%22translateY(-8px)%22,%22offset%22:1%7D%5D\" data-brz-custom-id=\"xNqcqTqTftLf\">\n<div class=\"brz-image brz-image--hovered brz-css-q8z7y1 brz-css-1w5hlq7\"><img decoding=\"async\" class=\"brz-img\" src=\"https:\/\/budva3.me\/wp-content\/uploads\/brizy\/imgs\/opstina_budva-removebg-preview-116x98x0x0x116x98x1756421149.png\" loading=\"lazy\" alt=\"\" title=\"opstina_budva-removebg-preview\"><\/div>\n<\/div>\n<\/div>\n<\/div>\n<\/div>\n<\/div>\n<div class=\"brz-carousel__item\">\n<div class=\"brz-columns brz-css-fzgez1 brz-css-1f3k2b4 brz-css-14co31i\" data-brz-custom-id=\"uQagTnj6Ueis\">\n<div class=\"brz-column__items brz-css-kys84x brz-css-lkmeep\">\n<div id=\"\" class=\"brz-css-fc9s33 brz-css-12ieat2 brz-wrapper\">\n<div class=\"brz-hover-animation__container brz-css-16clxof brz-css-1b4i1j7\" data-brz-hover-animationid=\"l1BacQSGzFsf\" data-brz-hover-options=\"%7B%22fill%22:%22forwards%22,%22easing%22:%22ease%22,%22duration%22:600,%22iterations%22:1%7D\" data-brz-hover-reversible=\"true\" data-brz-hover-target=\"%22firstChild%22\" data-brz-hover-animation=\"%5B%7B%22WebkitTransform%22:%22translateY(-0px)%22,%22transform%22:%22translateY(-0px)%22,%22offset%22:0%7D,%7B%22WebkitTransform%22:%22translateY(-8px)%22,%22transform%22:%22translateY(-8px)%22,%22offset%22:1%7D%5D\" data-brz-custom-id=\"x5YHvHh32FrO\">\n<div class=\"brz-image brz-image--hovered brz-css-vmpbtt brz-css-1netf1b\"><img decoding=\"async\" class=\"brz-img\" src=\"https:\/\/budva3.me\/wp-content\/uploads\/brizy\/imgs\/europe-triathlon-full-colour-1-removebg-preview-174x72x0x0x174x72x1761781575.png\" loading=\"lazy\" alt=\"\" title=\"europe-triathlon-full-colour-1-removebg-preview\"><\/div>\n<\/div>\n<\/div>\n<\/div>\n<\/div>\n<\/div>\n<div class=\"brz-carousel__item\">\n<div class=\"brz-columns brz-css-fzgez1 brz-css-1f3k2b4 brz-css-psbonm\" data-brz-custom-id=\"cM54JfVy_7mG\">\n<div class=\"brz-column__items brz-css-kys84x brz-css-es17ec\">\n<div id=\"\" class=\"brz-css-fc9s33 brz-css-1gflh5k brz-css-awhfpl brz-wrapper\">\n<div class=\"brz-spacer brz-css-1hswiog brz-css-4wv4kq\"><\/div>\n<\/div>\n<div id=\"\" class=\"brz-css-fc9s33 brz-css-1dgi5et brz-wrapper\">\n<div class=\"brz-hover-animation__container brz-css-14c4x9s brz-css-1e4s0hq\" data-brz-hover-animationid=\"qvROga3g9h7E\" data-brz-hover-options=\"%7B%22fill%22:%22forwards%22,%22easing%22:%22ease%22,%22duration%22:600,%22iterations%22:1%7D\" data-brz-hover-reversible=\"true\" data-brz-hover-target=\"%22firstChild%22\" data-brz-hover-animation=\"%5B%7B%22WebkitTransform%22:%22translateY(-0px)%22,%22transform%22:%22translateY(-0px)%22,%22offset%22:0%7D,%7B%22WebkitTransform%22:%22translateY(-8px)%22,%22transform%22:%22translateY(-8px)%22,%22offset%22:1%7D%5D\" data-brz-custom-id=\"qSXaD0ACVQC2\">\n<div class=\"brz-image brz-image--hovered brz-css-zpcya8 brz-css-qyxfeu\"><img decoding=\"async\" class=\"brz-img\" src=\"https:\/\/budva3.me\/wp-content\/uploads\/brizy\/imgs\/world-triathlon-removebg-preview-203x152x0x0x203x152x1756421067.png\" loading=\"lazy\" alt=\"\" title=\"world-triathlon-removebg-preview\"><\/div>\n<\/div>\n<\/div>\n<\/div>\n<\/div>\n<\/div>\n<\/div>\n<\/div>\n<\/div>\n<\/div>\n<\/div>\n<\/section>\n<section id=\"ozw3PewQq40I_ozw3PewQq40I\" class=\"brz-section brz-css-1dsb968 brz-css-18eg3w1\">\n<div class=\"brz-section__content brz-section--fullWidth brz-css-jloywf brz-css-nyj3k6\" data-brz-custom-id=\"x2nFxfNGjh9k\">\n<div class=\"brz-bg\">\n<div class=\"brz-bg-color\"><\/div>\n<\/div>\n<div class=\"brz-container brz-css-1p6obse brz-css-4u5ipq\">\n<div class=\"brz-row__container brz-css-1g4i608 brz-css-5yha40\" data-brz-custom-id=\"dec7lfcY7V2f\">\n<div class=\"brz-row brz-css-1v2e62p brz-css-dwfvh7\">\n<div class=\"brz-columns brz-css-xplxka brz-css-1td43qy\" data-brz-custom-id=\"t1nRZ5TltLtx\">\n<div class=\"brz-column__items brz-css-1w2ki4o brz-css-1kr6ncg\">\n<div id=\"\" class=\"brz-css-1mqg0hr brz-css-1dl2oe6 brz-wrapper\">\n<div class=\"brz-hover-animation__container\" data-brz-hover-animationid=\"jMeuJhjy5iL0\" data-brz-hover-options=\"%7B%22fill%22:%22forwards%22,%22easing%22:%22ease%22,%22duration%22:600,%22iterations%22:1%7D\" data-brz-hover-reversible=\"true\" data-brz-hover-target=\"%22firstChild%22\" data-brz-hover-animation=\"%5B%7B%22WebkitTransform%22:%22translateY(-0px)%22,%22transform%22:%22translateY(-0px)%22,%22offset%22:0%7D,%7B%22WebkitTransform%22:%22translateY(-8px)%22,%22transform%22:%22translateY(-8px)%22,%22offset%22:1%7D%5D\">\n<div class=\"brz-carousel brz-css-p27wt4 brz-css-sajvv5\" data-brz-custom-id=\"fk2xYhKzg4vQ\">\n<div class=\"brz-carousel__slider\" data-slides-to-show=\"1\" data-slides-to-scroll=\"1\" data-arrows=\"true\" data-dots=\"true\" data-dots-class=\"brz-slick-slider__dots brz-slick-slider__dots--circle\" data-auto-play=\"true\" data-auto-play-speed=\"3000\" data-swipe=\"true\" data-fade=\"true\" data-transition-speed=\"2\" data-responsive=\"%5B%7B%22breakpoint%22%3A991%2C%22settings%22%3A%7B%22slidesToShow%22%3A2%2C%22slidesToScroll%22%3A1%7D%7D%2C%7B%22breakpoint%22%3A767%2C%22settings%22%3A%7B%22slidesToShow%22%3A1%2C%22slidesToScroll%22%3A1%7D%7D%5D\">\n<div class=\"brz-carousel__item\">\n<div class=\"brz-columns brz-css-xplxka brz-css-po7xxg brz-css-dwlxj8\" data-brz-custom-id=\"exfTf_GMnChc\">\n<div class=\"brz-column__items brz-css-1w2ki4o brz-css-1xwcaxk\">\n<div id=\"\" class=\"brz-css-1mqg0hr brz-css-nhmuxf brz-wrapper\">\n<div class=\"brz-image brz-css-15ymaqh brz-css-9jt7h0\" data-brz-custom-id=\"ja57vAGp_VBb\"><img decoding=\"async\" class=\"brz-img\" src=\"https:\/\/budva3.me\/wp-content\/uploads\/2025\/08\/Frame-1000002541.png\" alt=\"\" title=\"Frame 1000002541\" loading=\"lazy\"><\/div>\n<\/div>\n<\/div>\n<\/div>\n<\/div>\n<div class=\"brz-carousel__item\">\n<div class=\"brz-columns brz-css-xplxka brz-css-po7xxg brz-css-1ejglit\" data-brz-custom-id=\"fZSHfZmgGI0D\">\n<div class=\"brz-hover-animation__container\" data-brz-hover-animationid=\"fZSHfZmgGI0D\" data-brz-hover-options=\"%7B%22fill%22:%22forwards%22,%22easing%22:%22ease%22,%22duration%22:600,%22iterations%22:1%7D\" data-brz-hover-reversible=\"true\" data-brz-hover-target=\"%22parent%22\" data-brz-hover-animation=\"%5B%7B%22WebkitTransform%22:%22translateY(-0px)%22,%22transform%22:%22translateY(-0px)%22,%22offset%22:0%7D,%7B%22WebkitTransform%22:%22translateY(-8px)%22,%22transform%22:%22translateY(-8px)%22,%22offset%22:1%7D%5D\">\n<div class=\"brz-column__items brz-css-1w2ki4o brz-css-6mj1w2\">\n<div id=\"\" class=\"brz-css-1mqg0hr brz-css-xp7i1b brz-wrapper\">\n<div class=\"brz-image brz-css-15b6w3n brz-css-9kvj04\" data-brz-custom-id=\"ciha0lHVOZHz\"><img decoding=\"async\" class=\"brz-img\" src=\"https:\/\/budva3.me\/wp-content\/uploads\/2025\/08\/Group-8.png\" alt=\"\" title=\"Group 8\" loading=\"lazy\"><\/div>\n<\/div>\n<\/div>\n<\/div>\n<\/div>\n<\/div>\n<\/div>\n<\/div>\n<\/div>\n<\/div>\n<\/div>\n<\/div>\n<div class=\"brz-columns brz-css-xplxka brz-css-ut6nwm\" data-brz-custom-id=\"a5ivDplG_kPn\">\n<div class=\"brz-column__items brz-css-1w2ki4o brz-css-1f2pknx\">\n<div id=\"\" class=\"brz-css-1mqg0hr brz-css-n2n4np brz-css-1461gbh brz-wrapper\">\n<div class=\"brz-spacer brz-css-zj4uax brz-css-n8idc4\"><\/div>\n<\/div>\n<div id=\"\" class=\"brz-css-1mqg0hr brz-css-17vj8td brz-wrapper\">\n<div class=\"brz-rich-text brz-rich-text__custom brz-css-9juvnk brz-css-cuy5u\" data-brz-custom-id=\"dFG7h0EbSuaw\">\n<div data-brz-translate-text=\"1\">\n<p class=\"brz-tp-lg-empty brz-ff-poppins brz-ft-google brz-fs-lg-18 brz-fss-lg-px brz-fw-lg-700 brz-ls-lg-0 brz-lh-lg-1_9 brz-vfw-lg-400 brz-fwdth-lg-100 brz-fsft-lg-0 brz-css-y3QYZ\" data-uniq-id=\"msrJE\" data-generated-css=\"brz-css-n6jOm\"><span class=\"brz-cp-color3\">ABOUT US<\/span><\/p>\n<\/div>\n<\/div>\n<\/div>\n<div id=\"\" class=\"brz-css-1mqg0hr brz-css-n2n4np brz-css-umn1zu brz-wrapper\">\n<div class=\"brz-spacer brz-css-zj4uax brz-css-dkqmhd\"><\/div>\n<\/div>\n<div id=\"\" class=\"brz-css-1mqg0hr brz-css-1csx8zw brz-wrapper\">\n<div class=\"brz-rich-text brz-rich-text__custom brz-css-9juvnk brz-css-dpeq5a\" data-brz-custom-id=\"kx3F_iYiiF5c\">\n<div data-brz-translate-text=\"1\">\n<p data-generated-css=\"brz-css-z97gd\" data-uniq-id=\"wwOD8\" class=\"brz-tp-lg-empty brz-ff-oswald brz-ft-google brz-fs-lg-48 brz-fss-lg-px brz-fw-lg-700 brz-ls-lg-0 brz-lh-lg-1_9 brz-vfw-lg-400 brz-fwdth-lg-100 brz-fsft-lg-0 brz-css-x0kEK\"><span class=\"brz-cp-color2 brz-capitalize-on brz-uppercase-true\">Your city, your <\/span><\/p>\n<p data-generated-css=\"brz-css-aSzcT\" data-uniq-id=\"qtf8F\" class=\"brz-tp-lg-empty brz-ff-oswald brz-ft-google brz-fs-lg-48 brz-fss-lg-px brz-fw-lg-700 brz-ls-lg-0 brz-lh-lg-1_9 brz-vfw-lg-400 brz-fwdth-lg-100 brz-fsft-lg-0 brz-css-s4_la\"><span class=\"brz-cp-color2 brz-capitalize-on brz-uppercase-true\">track, your pace!<\/span><\/p>\n<\/div>\n<\/div>\n<\/div>\n<div id=\"\" class=\"brz-css-1mqg0hr brz-css-n2n4np brz-css-19tpmvc brz-wrapper\">\n<div class=\"brz-spacer brz-css-zj4uax brz-css-8xdlqe\"><\/div>\n<\/div>\n<div id=\"\" class=\"brz-css-1mqg0hr brz-css-1v5r3ys brz-wrapper\">\n<div class=\"brz-rich-text brz-rich-text__custom brz-css-9juvnk brz-css-i81egv\" data-brz-custom-id=\"k_sy54LHrwXl\">\n<div data-brz-translate-text=\"1\">\n<p class=\"brz-tp-lg-paragraph brz-css-ruyE2\" data-uniq-id=\"msISo\" data-generated-css=\"brz-css-cVxnr\"><span class=\"brz-cp-color7\">For some, we are just athletes. For others, we are adventurers, adventurers or even masochists ready to push our own limits. We love what we do and we do it together, as a team that inspires and motivates. We compete first with ourselves and then with others in triathlon \u2013 a sport in which we strive for perfection in swimming, cycling and running.<\/span><\/p>\n<p class=\"brz-tp-lg-paragraph brz-css-edXI6\" data-uniq-id=\"msISo\" data-generated-css=\"brz-css-cVxnr\"><\/p>\n<p class=\"brz-tp-lg-paragraph brz-css-wLEh9\" data-uniq-id=\"msISo\" data-generated-css=\"brz-css-cVxnr\"><span class=\"brz-cp-color7\">Triathlon Club Budva was founded on April 11, 2022, and since June 16 of the same year we have become an official member of the Triathlon Federation of Montenegro. Since then, we have been actively participating in competitions in the country and abroad and building a community of people who want more. If you also want to push the boundaries, we are here for you.<\/span><\/p>\n<\/div>\n<\/div>\n<\/div>\n<div id=\"\" class=\"brz-css-1mqg0hr brz-css-n2n4np brz-css-exu7v8 brz-wrapper\">\n<div class=\"brz-spacer brz-css-zj4uax brz-css-1yx62px\"><\/div>\n<\/div>\n<div class=\"brz-wrapper-clone brz-flex-xs-wrap brz-css-tnvk14 brz-css-q62lcj\" data-brz-custom-id=\"xdNCiNNzBM1l\"><a class=\"brz-a brz-btn brz-css-ij1qvq brz-css-bayzbz brz-css-opj5nu brz-css-1pdgaym\" href=\"https:\/\/budva3.me\/en\/o-nama\/\" target=\"_self\" rel=\"noopener\" data-brz-link-type=\"page\" data-brz-custom-id=\"yRgN5a7xWAra\"><span data-brz-translate-text=\"1\" class=\"brz-span brz-text__editor\">Learn more<\/span><\/a><\/div>\n<\/div>\n<\/div>\n<\/div>\n<\/div>\n<\/div>\n<\/div>\n<\/section><\/div>\n<p><!-- version:1762201171 --><\/p>","protected":false},"excerpt":{"rendered":"<p>BUDVA3.ME na\u0161i sponzori O NAMA Tvoj grad, tvoja staza, tvoj tempo! Za neke smo obi\u010dni sportisti. Za druge pustolovi, avanturisti ili \u010dak mazohisti spremni da pomjeramo sopstvene granice. Volimo ono \u0161to radimo i radimo to zajedno, kao tim koji inspiri\u0161e i pokre\u0107e. Nadme\u0107emo se najprije sa sobom, a zatim i sa drugima u triatlonu \u2013 [&hellip;]<\/p>\n","protected":false},"author":1,"featured_media":0,"parent":0,"menu_order":0,"comment_status":"closed","ping_status":"closed","template":"brizy-blank-template.php","meta":{"footnotes":""},"class_list":["post-21","page","type-page","status-publish","hentry"],"brizy_media":[],"_links":{"self":[{"href":"https:\/\/budva3.me\/en\/wp-json\/wp\/v2\/pages\/21","targetHints":{"allow":["GET"]}}],"collection":[{"href":"https:\/\/budva3.me\/en\/wp-json\/wp\/v2\/pages"}],"about":[{"href":"https:\/\/budva3.me\/en\/wp-json\/wp\/v2\/types\/page"}],"author":[{"embeddable":true,"href":"https:\/\/budva3.me\/en\/wp-json\/wp\/v2\/users\/1"}],"replies":[{"embeddable":true,"href":"https:\/\/budva3.me\/en\/wp-json\/wp\/v2\/comments?post=21"}],"version-history":[{"count":9,"href":"https:\/\/budva3.me\/en\/wp-json\/wp\/v2\/pages\/21\/revisions"}],"predecessor-version":[{"id":932,"href":"https:\/\/budva3.me\/en\/wp-json\/wp\/v2\/pages\/21\/revisions\/932"}],"wp:attachment":[{"href":"https:\/\/budva3.me\/en\/wp-json\/wp\/v2\/media?parent=21"}],"curies":[{"name":"wp","href":"https:\/\/api.w.org\/{rel}","templated":true}]}}